{"id":20,"date":"2011-08-22T16:23:17","date_gmt":"2011-08-22T16:23:17","guid":{"rendered":"http:\/\/www.anatomianormal.fcm.unc.edu.ar\/anatomia\/?page_id=20"},"modified":"2020-03-11T00:42:42","modified_gmt":"2020-03-11T00:42:42","slug":"guarani","status":"publish","type":"page","link":"https:\/\/www.anatomianormal.fcm.unc.edu.ar\/?page_id=20","title":{"rendered":"MICROCIRUG\u00cdA"},"content":{"rendered":"<p><img loading=\"lazy\" decoding=\"async\" class=\"aligncenter size-full wp-image-1022\" alt=\"microcirugia\" src=\"http:\/\/www.anatomianormal.fcm.unc.edu.ar\/wp-content\/uploads\/2011\/08\/microcirugia1.jpg\" width=\"560\" height=\"234\" srcset=\"https:\/\/www.anatomianormal.fcm.unc.edu.ar\/wp-content\/uploads\/2011\/08\/microcirugia1.jpg 560w, https:\/\/www.anatomianormal.fcm.unc.edu.ar\/wp-content\/uploads\/2011\/08\/microcirugia1-300x125.jpg 300w\" sizes=\"auto, (max-width: 560px) 100vw, 560px\" \/><\/p>\n<p>&nbsp;<\/p>\n<h4 style=\"text-align: justify;\">\u00c1REA DE MICROANATOM\u00cdA Y MICROCIRUG\u00cdA EXPERIMENTAL<\/h4>\n<p>&nbsp;<\/p>\n<p style=\"text-align: justify;\">La C\u00e1tedra de Anatom\u00eda Normal de la Facultad de Ciencias M\u00e9dicas de la Universidad Nacional de C\u00f3rdoba, se complace en comunicar que por Resoluci\u00f3n N\u00b0 826\/14 se destina un espacio a la investigaci\u00f3n microquir\u00fargica inaugurando el <strong>\u00ab\u00c1rea de Microanatom\u00eda y Microcirug\u00eda Experimental\u00bb<\/strong> que funciona en el Instituto Anat\u00f3mico de C\u00f3rdoba.<\/p>\n<p>&nbsp;<\/p>\n<h5>PERSONAL<\/h5>\n<p><img loading=\"lazy\" decoding=\"async\" src=\"http:\/\/www.anatomianormal.fcm.unc.edu.ar\/wp-content\/uploads\/2011\/08\/personal.jpg\" alt=\"personal\" class=\"aligncenter size-full wp-image-1207\" width=\"560\" height=\"283\" srcset=\"https:\/\/www.anatomianormal.fcm.unc.edu.ar\/wp-content\/uploads\/2011\/08\/personal.jpg 560w, https:\/\/www.anatomianormal.fcm.unc.edu.ar\/wp-content\/uploads\/2011\/08\/personal-300x151.jpg 300w\" sizes=\"auto, (max-width: 560px) 100vw, 560px\" \/><\/p>\n<h4 style=\"text-align: justify;\"><\/h4>\n<p>&nbsp;<\/p>\n<p style=\"text-align: justify;\"><strong>Director General del \u00c1rea:<\/strong> Prof. Dr. Carlos S\u00e1nchez Carpio.<\/p>\n<p>&nbsp;<\/p>\n<p style=\"text-align: justify;\"><strong>Director de Microcirug\u00eda Experimental:<\/strong><\/p>\n<p style=\"text-align: justify;\">Prof. Asistente Med. Javier Recchiuto<\/p>\n<p>&nbsp;<\/p>\n<p style=\"text-align: justify;\"><strong>Director de Microanatom\u00eda:<\/strong><\/p>\n<p style=\"text-align: justify;\"><strong><\/strong> Prof. Asistente Dr. A. Gustavo Corball.<\/p>\n<p>&nbsp;<\/p>\n<p style=\"text-align: justify;\"><strong>Docentes Microdisecci\u00f3n Anat\u00f3mica:<\/strong><\/p>\n<ul>\n<li>Rodrigo Pel\u00e1ez,&nbsp;Profesonial Adscripto&nbsp;C\u00e1tedra de Anatom\u00eda Normal FCM-UNC.<\/li>\n<li>Federico Leyba,&nbsp;Profesional Adscripto&nbsp;C\u00e1tedra de Anatom\u00eda Normal FCM-UNC.<\/li>\n<li>Daniel Ramos, Ayudante Alumno&nbsp;C\u00e1tedra de Anatom\u00eda Normal FCM-UNC.<\/li>\n<li>Ramiro Nieto,&nbsp;Ayudante Alumno&nbsp;C\u00e1tedra de Anatom\u00eda Normal FCM-UNC.<\/li>\n<li>Olivera Manuel,&nbsp;Ayudante Alumno&nbsp;C\u00e1tedra de Anatom\u00eda Normal FCM-UNC.<\/li>\n<li>Jonatan Baruj,&nbsp;Ayudante Alumno&nbsp;C\u00e1tedra de Anatom\u00eda Normal FCM-UNC.<\/li>\n<\/ul>\n<p>&nbsp;<\/p>\n<p style=\"text-align: justify;\"><strong>Encargada del Mantenimiento:<\/strong> Srta. Silvia Riachi, T\u00e9cnica en Laboratorio, preparadora&nbsp;anat\u00f3mica de la C\u00e1tedra de Anatom\u00eda Normal FCM-UNC.<\/p>\n<p>&nbsp;<\/p>\n<p style=\"text-align: justify;\"><strong>Colaboradores y Consultores:<\/strong><\/p>\n<ul>\n<li>Med. Rodolfo&nbsp;Castro Pizarro, Profesor Asistente C\u00e1tedra de Anatom\u00eda Normal FCM-UNC.<\/li>\n<li>Dr. Carlos A. Curet Carlos, Profesor Titular de la II\u00aa C\u00e1tedra de ORL, FCM- UNC.<\/li>\n<li>Med. Rub\u00e9n D&#8217;Agostino, Prof. Asistente C\u00e1tedra de Anatom\u00eda Normal y Cirug\u00eda FCM-UNC.<\/li>\n<li>Dra. Mar\u00eda E.&nbsp;Dioniso de Cabalier , Profesora Titular Anatom\u00eda Patol\u00f3gica FCM-UNC.<\/li>\n<li>Dr. Carlos G.&nbsp;Gioino, Jefe de Servicio de Neurocirug\u00eda Hospital Nacional de Cl\u00ednicas,&nbsp;FCM- UNC.<\/li>\n<li>Dr. Luis&nbsp;Gram\u00e1tica (h), Profesor Titular I C\u00e1tedra Cl\u00ednica Quir\u00fargica HNC,&nbsp;FCM- UNC.<\/li>\n<li>Dr. Roque A.&nbsp;Maffrand, Profesor Titular C\u00e1tedra de Oftalmolog\u00eda HNC, FCM- UNC.<\/li>\n<li>Dr. Jos\u00e9 M.&nbsp;Mariconde, Profesor Asistente C\u00e1tedra de Anatom\u00eda Normal FCM-UNC.<\/li>\n<li>Dra. Rosa E.&nbsp;P\u00e1ez, Profesora Asistente C\u00e1tedra de Anatom\u00eda Normal FCM-UNC.<\/li>\n<li>Dr. Pedro&nbsp;Pizarro, Profesor Adjunto C\u00e1tedra Cl. Quir\u00fargica HNC, FCM-UNC.<\/li>\n<li>Dr. Carlos S\u00e1nchez Carpi\u00f3, Profesor Adjunto C\u00e1tedra de Anatom\u00eda Normal FCM-UNC.<\/li>\n<li>Dr. Mario&nbsp;Soria, Jefe del Servicio de Anestesiolog\u00eda del HNC, FCM-UNC.<\/li>\n<li>Dra. Graciela Stutz, Profesora Titular C\u00e1tedra de Fisiolog\u00eda Humana FCM-UNC.<\/li>\n<li>Med. Sergio Traverso, Profesor Asistente C\u00e1tedra de Anatom\u00eda Normal. FCM-UNC.<\/li>\n<\/ul>\n<p>&nbsp;<\/p>\n<p style=\"text-align: justify;\">El Director General del \u00c1rea de Microanatom\u00eda y Microcirug\u00eda Experimental Prof. Dr Esteban J\u00e1uregui agradece a todo el personal, colaboradores y consultores, por la buena voluntad de formar entre todos una unidad de aprendizaje horizontal entre diferentes especialidades para servir de soporte a distintas intervenciones quir\u00fargicas.<\/p>\n<p style=\"text-align: justify;\">Un agradecimiento especial al Dr. Roque A.&nbsp;Maffrand, Prof. Titular de la C\u00e1tedra de Oftalmolog\u00eda, al Dr.&nbsp;Carlos G.&nbsp;Gioino, Jefe de servicio de Neurocirug\u00eda del Hospital Nacional de Cl\u00ednicas y a la Dra Graciela Stutz, Prof. Titular de la C\u00e1tedra de Fisiolog\u00eda Humana, que puso a nuestra disposici\u00f3n el personal y bioterio de su C\u00e1tedra.<\/p>\nngg_shortcode_0_placeholder\n","protected":false},"excerpt":{"rendered":"<p>&nbsp; \u00c1REA DE MICROANATOM\u00cdA Y MICROCIRUG\u00cdA EXPERIMENTAL &nbsp; La C\u00e1tedra de Anatom\u00eda Normal de la Facultad de Ciencias M\u00e9dicas de la Universidad Nacional de C\u00f3rdoba, se complace en comunicar que por Resoluci\u00f3n N\u00b0 826\/14 se destina un espacio a la investigaci\u00f3n microquir\u00fargica inaugurando el \u00ab\u00c1rea de Microanatom\u00eda y Microcirug\u00eda Experimental\u00bb que funciona en el Instituto [&hellip;]<\/p>\n","protected":false},"author":1,"featured_media":0,"parent":0,"menu_order":7,"comment_status":"open","ping_status":"open","template":"","meta":{"ngg_post_thumbnail":0,"footnotes":""},"class_list":["post-20","page","type-page","status-publish","hentry"],"_links":{"self":[{"href":"https:\/\/www.anatomianormal.fcm.unc.edu.ar\/index.php?rest_route=\/wp\/v2\/pages\/20","targetHints":{"allow":["GET"]}}],"collection":[{"href":"https:\/\/www.anatomianormal.fcm.unc.edu.ar\/index.php?rest_route=\/wp\/v2\/pages"}],"about":[{"href":"https:\/\/www.anatomianormal.fcm.unc.edu.ar\/index.php?rest_route=\/wp\/v2\/types\/page"}],"author":[{"embeddable":true,"href":"https:\/\/www.anatomianormal.fcm.unc.edu.ar\/index.php?rest_route=\/wp\/v2\/users\/1"}],"replies":[{"embeddable":true,"href":"https:\/\/www.anatomianormal.fcm.unc.edu.ar\/index.php?rest_route=%2Fwp%2Fv2%2Fcomments&post=20"}],"version-history":[{"count":65,"href":"https:\/\/www.anatomianormal.fcm.unc.edu.ar\/index.php?rest_route=\/wp\/v2\/pages\/20\/revisions"}],"predecessor-version":[{"id":6426,"href":"https:\/\/www.anatomianormal.fcm.unc.edu.ar\/index.php?rest_route=\/wp\/v2\/pages\/20\/revisions\/6426"}],"wp:attachment":[{"href":"https:\/\/www.anatomianormal.fcm.unc.edu.ar\/index.php?rest_route=%2Fwp%2Fv2%2Fmedia&parent=20"}],"curies":[{"name":"wp","href":"https:\/\/api.w.org\/{rel}","templated":true}]}}